{"id":999,"date":"2025-12-22T17:27:11","date_gmt":"2025-12-22T16:27:11","guid":{"rendered":"https:\/\/asso-cultures.org\/site\/?page_id=999"},"modified":"2026-01-13T09:57:11","modified_gmt":"2026-01-13T08:57:11","slug":"interventions-en-danse-et-education-somatique-2","status":"publish","type":"page","link":"https:\/\/asso-cultures.org\/site\/?page_id=999","title":{"rendered":"Interventions en danse et \u00e9ducation somatique"},"content":{"rendered":"\n<p>Claire est professeure de danse contemporaine et \u00e9ducatrice somatique.<\/p>\n\n\n\n<p>L\u2019\u00e9ducation somatique est une discipline qui vise l\u2019apprentissage de la conscience du corps en mouvement dans l\u2019environnement par une approche dynamique de l\u2019anatomie et du d\u00e9veloppement moteur.<\/p>\n\n\n\n<p>Elle propose des ateliers et des initiations ou des approfondissements \u00e0 la danse, \u00e0 l\u2019improvisation et \u00e0 l\u2019engagement du corps en mouvement dans l\u2019espace.<\/p>\n\n\n\n<p>Ces derni\u00e8res ann\u00e9es, elle a \u00e9t\u00e9 artiste intervenante dans le cadre de \u00ab&nbsp;Projet Classes qui dansent&nbsp;\u00bb ou de projets E.A.C (\u00c9ducation Artistique et Culturelle) sur le d\u00e9partement de l\u2019Ard\u00e8che et de la Dr\u00f4me \u00e0 l\u2019\u00e9cole des Assions, de Lablach\u00e8re, de St Paul Trois Ch\u00e2teaux et de la Baume-de-Transit. Elle a accompagn\u00e9 les enfants en lien avec l\u2019enseignant\u00b7e et sa recherche \u00e0 explorer, travailler, cr\u00e9er autour du mouvement. \u00c0 chaque fois, il y a eu une pr\u00e9sentation publique du travail.<\/p>\n\n\n\n<p>Elle a aussi enseign\u00e9 la danse contemporaine (d\u00e9butant \u00e0 avanc\u00e9) avec <a href=\"https:\/\/format-danse.com\">Format<\/a>, l\u2019\u00e9cole de Danse du Moulin de Tartary, <a href=\"https:\/\/lecorpssubtil.fr\">le Corps Subtil<\/a>, et <a href=\"https:\/\/www.facebook.com\/cirkonflex.valaurie?locale=fr_FR\">Cirk\u2019onflex.<\/a><\/p>\n\n\n\n<p><br><\/p>\n","protected":false},"excerpt":{"rendered":"<p>Claire est professeure de danse contemporaine et \u00e9ducatrice somatique. L\u2019\u00e9ducation somatique est une discipline qui vise l\u2019apprentissage de la conscience du corps en mouvement dans l\u2019environnement par une approche dynamique de l\u2019anatomie et du d\u00e9veloppement moteur. Elle propose des ateliers et des initiations ou des approfondissements \u00e0 la danse, \u00e0 l\u2019improvisation et \u00e0 l\u2019engagement du &hellip; <\/p>\n<p class=\"link-more\"><a href=\"https:\/\/asso-cultures.org\/site\/?page_id=999\" class=\"more-link\">Continuer la lecture<span class=\"screen-reader-text\"> de &laquo;&nbsp;Interventions en danse et \u00e9ducation somatique&nbsp;&raquo;<\/span><\/a><\/p>\n","protected":false},"author":2,"featured_media":0,"parent":0,"menu_order":0,"comment_status":"closed","ping_status":"closed","template":"","meta":{"footnotes":""},"class_list":["post-999","page","type-page","status-publish","hentry"],"_links":{"self":[{"href":"https:\/\/asso-cultures.org\/site\/index.php?rest_route=\/wp\/v2\/pages\/999","targetHints":{"allow":["GET"]}}],"collection":[{"href":"https:\/\/asso-cultures.org\/site\/index.php?rest_route=\/wp\/v2\/pages"}],"about":[{"href":"https:\/\/asso-cultures.org\/site\/index.php?rest_route=\/wp\/v2\/types\/page"}],"author":[{"embeddable":true,"href":"https:\/\/asso-cultures.org\/site\/index.php?rest_route=\/wp\/v2\/users\/2"}],"replies":[{"embeddable":true,"href":"https:\/\/asso-cultures.org\/site\/index.php?rest_route=%2Fwp%2Fv2%2Fcomments&post=999"}],"version-history":[{"count":3,"href":"https:\/\/asso-cultures.org\/site\/index.php?rest_route=\/wp\/v2\/pages\/999\/revisions"}],"predecessor-version":[{"id":1037,"href":"https:\/\/asso-cultures.org\/site\/index.php?rest_route=\/wp\/v2\/pages\/999\/revisions\/1037"}],"wp:attachment":[{"href":"https:\/\/asso-cultures.org\/site\/index.php?rest_route=%2Fwp%2Fv2%2Fmedia&parent=999"}],"curies":[{"name":"wp","href":"https:\/\/api.w.org\/{rel}","templated":true}]}}