{"id":78,"date":"2021-07-07T12:45:45","date_gmt":"2021-07-07T10:45:45","guid":{"rendered":"https:\/\/asso-cultures.org\/site\/?page_id=78"},"modified":"2026-01-13T10:36:50","modified_gmt":"2026-01-13T09:36:50","slug":"participer-simpliquer","status":"publish","type":"page","link":"https:\/\/asso-cultures.org\/site\/?page_id=78","title":{"rendered":"Nous contacter"},"content":{"rendered":"\n<p>L\u2019association est ouverte \u00e0 accueillir des personnes int\u00e9ress\u00e9es et curieuses du projet. Nous pensons et travaillons \u00e0 ce que <em>Cultures&nbsp;!<\/em> soit un outil pour soutenir, imaginer et d\u00e9velopper des actions autour de l\u2019art, de la culture, du faire ensemble.<\/p>\n\n\n\n<p>N\u2019h\u00e9sitez pas \u00e0 nous contacter pour construire une intervention ensemble \u00e0 partir d&rsquo;un th\u00e8me ou d&rsquo;une envie:  <a href=\"mailto:contact@asso-cultures.org\" target=\"_blank\" rel=\"noreferrer noopener\">contact@asso-cultures.org<\/a><\/p>\n\n\n\n<p><strong>Adh\u00e9rer et\/ou faire un don<\/strong><\/p>\n\n\n\n<p>Pour soutenir le projet de <em>Cultures&nbsp;!<\/em>, il est possible d\u2019adh\u00e9rer ou de faire un don \u00e0 l\u2019association.<\/p>\n\n\n\n<p><a href=\"https:\/\/www.helloasso.com\/associations\/association-cultures\">https:\/\/www.helloasso.com\/associations\/association-cultures<\/a><\/p>\n\n\n\n<p>L\u2019adh\u00e9sion est bien s\u00fbr \u00e0 prix libre.<\/p>\n\n\n\n<figure class=\"wp-block-image size-full is-resized\"><img loading=\"lazy\" decoding=\"async\" width=\"680\" height=\"1024\" src=\"https:\/\/asso-cultures.org\/site\/wp-content\/uploads\/2022\/03\/GUI_2248.jpg\" alt=\"\" class=\"wp-image-300\" style=\"width:293px;height:440px\" srcset=\"https:\/\/asso-cultures.org\/site\/wp-content\/uploads\/2022\/03\/GUI_2248.jpg 680w, https:\/\/asso-cultures.org\/site\/wp-content\/uploads\/2022\/03\/GUI_2248-199x300.jpg 199w\" sizes=\"auto, (max-width: 680px) 100vw, 680px\" \/><\/figure>\n\n\n\n<p><\/p>\n","protected":false},"excerpt":{"rendered":"<p>L\u2019association est ouverte \u00e0 accueillir des personnes int\u00e9ress\u00e9es et curieuses du projet. Nous pensons et travaillons \u00e0 ce que Cultures&nbsp;! soit un outil pour soutenir, imaginer et d\u00e9velopper des actions autour de l\u2019art, de la culture, du faire ensemble. N\u2019h\u00e9sitez pas \u00e0 nous contacter pour construire une intervention ensemble \u00e0 partir d&rsquo;un th\u00e8me ou d&rsquo;une &hellip; <\/p>\n<p class=\"link-more\"><a href=\"https:\/\/asso-cultures.org\/site\/?page_id=78\" class=\"more-link\">Continuer la lecture<span class=\"screen-reader-text\"> de &laquo;&nbsp;Nous contacter&nbsp;&raquo;<\/span><\/a><\/p>\n","protected":false},"author":2,"featured_media":0,"parent":0,"menu_order":0,"comment_status":"closed","ping_status":"closed","template":"","meta":{"footnotes":""},"class_list":["post-78","page","type-page","status-publish","hentry"],"_links":{"self":[{"href":"https:\/\/asso-cultures.org\/site\/index.php?rest_route=\/wp\/v2\/pages\/78","targetHints":{"allow":["GET"]}}],"collection":[{"href":"https:\/\/asso-cultures.org\/site\/index.php?rest_route=\/wp\/v2\/pages"}],"about":[{"href":"https:\/\/asso-cultures.org\/site\/index.php?rest_route=\/wp\/v2\/types\/page"}],"author":[{"embeddable":true,"href":"https:\/\/asso-cultures.org\/site\/index.php?rest_route=\/wp\/v2\/users\/2"}],"replies":[{"embeddable":true,"href":"https:\/\/asso-cultures.org\/site\/index.php?rest_route=%2Fwp%2Fv2%2Fcomments&post=78"}],"version-history":[{"count":8,"href":"https:\/\/asso-cultures.org\/site\/index.php?rest_route=\/wp\/v2\/pages\/78\/revisions"}],"predecessor-version":[{"id":1071,"href":"https:\/\/asso-cultures.org\/site\/index.php?rest_route=\/wp\/v2\/pages\/78\/revisions\/1071"}],"wp:attachment":[{"href":"https:\/\/asso-cultures.org\/site\/index.php?rest_route=%2Fwp%2Fv2%2Fmedia&parent=78"}],"curies":[{"name":"wp","href":"https:\/\/api.w.org\/{rel}","templated":true}]}}