{"id":74,"date":"2021-07-07T12:43:35","date_gmt":"2021-07-07T10:43:35","guid":{"rendered":"https:\/\/asso-cultures.org\/site\/?page_id=74"},"modified":"2026-01-13T09:43:43","modified_gmt":"2026-01-13T08:43:43","slug":"activites","status":"publish","type":"page","link":"https:\/\/asso-cultures.org\/site\/?page_id=74","title":{"rendered":"Ev\u00e9nement"},"content":{"rendered":"\n<p>Chaque ann\u00e9e, nous souhaitons organiser un ou deux \u00e9v\u00e9nements avec un partenaire du territoire.<\/p>\n\n\n\n<p>L\u2019id\u00e9e est de rassembler autour d\u2019un th\u00e8me, de spectacles, d\u2019expositions, de performance pour continuer \u00e0 valoriser le travail des artistes locaux et donner \u00e0 voir les dynamiques du territoire.<\/p>\n\n\n\n<p>Pour 2026, nous avons commenc\u00e9 \u00e0 r\u00e9fl\u00e9chir avec le<a href=\"https:\/\/polinno.art\/\"> Polinno<\/a>, <a href=\"https:\/\/elodiesabardeil.com\">Elodie Sarbadeil<\/a>, plasticienne et Myl\u00e8ne Mey, danseuse et chor\u00e9graphe (cie <a href=\"https:\/\/www.cielarracheebelle.com\">l\u2019Arrach\u00e9e Belle<\/a>) \u00e0 un temps fort autour du fil, du costume et de la performance.<\/p>\n\n\n\n<p>Les avanc\u00e9es \u00e0 suivre sur le fil de notre actualit\u00e9&nbsp;!<\/p>\n\n\n\n<p><\/p>\n","protected":false},"excerpt":{"rendered":"<p>Chaque ann\u00e9e, nous souhaitons organiser un ou deux \u00e9v\u00e9nements avec un partenaire du territoire. L\u2019id\u00e9e est de rassembler autour d\u2019un th\u00e8me, de spectacles, d\u2019expositions, de performance pour continuer \u00e0 valoriser le travail des artistes locaux et donner \u00e0 voir les dynamiques du territoire. Pour 2026, nous avons commenc\u00e9 \u00e0 r\u00e9fl\u00e9chir avec le Polinno, Elodie Sarbadeil, &hellip; <\/p>\n<p class=\"link-more\"><a href=\"https:\/\/asso-cultures.org\/site\/?page_id=74\" class=\"more-link\">Continuer la lecture<span class=\"screen-reader-text\"> de &laquo;&nbsp;Ev\u00e9nement&nbsp;&raquo;<\/span><\/a><\/p>\n","protected":false},"author":2,"featured_media":0,"parent":0,"menu_order":0,"comment_status":"closed","ping_status":"closed","template":"","meta":{"footnotes":""},"class_list":["post-74","page","type-page","status-publish","hentry"],"_links":{"self":[{"href":"https:\/\/asso-cultures.org\/site\/index.php?rest_route=\/wp\/v2\/pages\/74","targetHints":{"allow":["GET"]}}],"collection":[{"href":"https:\/\/asso-cultures.org\/site\/index.php?rest_route=\/wp\/v2\/pages"}],"about":[{"href":"https:\/\/asso-cultures.org\/site\/index.php?rest_route=\/wp\/v2\/types\/page"}],"author":[{"embeddable":true,"href":"https:\/\/asso-cultures.org\/site\/index.php?rest_route=\/wp\/v2\/users\/2"}],"replies":[{"embeddable":true,"href":"https:\/\/asso-cultures.org\/site\/index.php?rest_route=%2Fwp%2Fv2%2Fcomments&post=74"}],"version-history":[{"count":6,"href":"https:\/\/asso-cultures.org\/site\/index.php?rest_route=\/wp\/v2\/pages\/74\/revisions"}],"predecessor-version":[{"id":1032,"href":"https:\/\/asso-cultures.org\/site\/index.php?rest_route=\/wp\/v2\/pages\/74\/revisions\/1032"}],"wp:attachment":[{"href":"https:\/\/asso-cultures.org\/site\/index.php?rest_route=%2Fwp%2Fv2%2Fmedia&parent=74"}],"curies":[{"name":"wp","href":"https:\/\/api.w.org\/{rel}","templated":true}]}}