{"id":71,"date":"2021-07-07T12:40:59","date_gmt":"2021-07-07T10:40:59","guid":{"rendered":"https:\/\/asso-cultures.org\/site\/?page_id=71"},"modified":"2026-01-13T10:25:06","modified_gmt":"2026-01-13T09:25:06","slug":"presentation","status":"publish","type":"page","link":"https:\/\/asso-cultures.org\/site\/","title":{"rendered":"L&rsquo;association"},"content":{"rendered":"\n<h2 class=\"wp-block-heading\">Il \u00e9tait une fois Cultures!&#8230;<\/h2>\n\n\n\n<div class=\"wp-block-group\"><div class=\"wp-block-group__inner-container is-layout-flow wp-block-group-is-layout-flow\">\n<div class=\"wp-block-columns is-layout-flex wp-container-core-columns-is-layout-9d6595d7 wp-block-columns-is-layout-flex\">\n<div class=\"wp-block-column is-layout-flow wp-block-column-is-layout-flow\" style=\"flex-basis:100%\">\n<div class=\"wp-block-group\"><div class=\"wp-block-group__inner-container is-layout-flow wp-block-group-is-layout-flow\">\n<div class=\"wp-block-columns is-layout-flex wp-container-core-columns-is-layout-9d6595d7 wp-block-columns-is-layout-flex\">\n<div class=\"wp-block-column is-layout-flow wp-block-column-is-layout-flow\" style=\"flex-basis:100%\">\n<div class=\"wp-block-group alignwide\"><div class=\"wp-block-group__inner-container is-layout-flow wp-block-group-is-layout-flow\">\n<div class=\"wp-block-group alignwide\"><div class=\"wp-block-group__inner-container is-layout-constrained wp-block-group-is-layout-constrained\">\n<div class=\"wp-block-columns alignwide is-layout-flex wp-container-core-columns-is-layout-9d6595d7 wp-block-columns-is-layout-flex\">\n<div class=\"wp-block-column is-vertically-aligned-stretch is-layout-flow wp-block-column-is-layout-flow\" style=\"flex-basis:100%\">\n<div class=\"wp-block-group\"><div class=\"wp-block-group__inner-container is-layout-constrained wp-block-group-is-layout-constrained\">\n<p>N\u00e9e en 2013 sous la forme d\u2019un collectif informel souhaitant d\u00e9velopper la dimension artistique dans le hameau du <a href=\"https:\/\/levielaudon.org\/\">Viel Audon<\/a> (lieu de travail collectif agricole, d\u2019animation et de chantier) sur la commune de Balazuc , l\u2019association Cultures&nbsp;! d\u00e9veloppe pendant 10 ans des activit\u00e9s et des espaces d\u2019exp\u00e9rimentation articulant culture, cr\u00e9ation artistique et \u00e9ducation populaire&nbsp;: une programmation culturelle annuelle, une librairie, des expositions d\u2019artistes locaux, un chantier artistique, des animations et ateliers.<\/p>\n\n\n\n<p>Elle tisse du lien avec le territoire, les habitant\u00b7es, les structures socio-culturelles et les artistes locaux depuis le Viel Audon et le village de Balazuc.<\/p>\n\n\n\n<figure class=\"wp-block-gallery has-nested-images columns-default is-cropped wp-block-gallery-1 is-layout-flex wp-block-gallery-is-layout-flex\">\n<figure class=\"wp-block-image size-large\"><img loading=\"lazy\" decoding=\"async\" width=\"730\" height=\"1024\" data-id=\"734\" src=\"https:\/\/asso-cultures.org\/site\/wp-content\/uploads\/2023\/06\/Affiche-9-juin-aplati-730x1024.jpg\" alt=\"\" class=\"wp-image-734\" srcset=\"https:\/\/asso-cultures.org\/site\/wp-content\/uploads\/2023\/06\/Affiche-9-juin-aplati-730x1024.jpg 730w, https:\/\/asso-cultures.org\/site\/wp-content\/uploads\/2023\/06\/Affiche-9-juin-aplati-214x300.jpg 214w, https:\/\/asso-cultures.org\/site\/wp-content\/uploads\/2023\/06\/Affiche-9-juin-aplati-768x1077.jpg 768w, https:\/\/asso-cultures.org\/site\/wp-content\/uploads\/2023\/06\/Affiche-9-juin-aplati-1095x1536.jpg 1095w, https:\/\/asso-cultures.org\/site\/wp-content\/uploads\/2023\/06\/Affiche-9-juin-aplati-1460x2048.jpg 1460w, https:\/\/asso-cultures.org\/site\/wp-content\/uploads\/2023\/06\/Affiche-9-juin-aplati.jpg 1819w\" sizes=\"auto, (max-width: 730px) 100vw, 730px\" \/><\/figure>\n\n\n\n<figure class=\"wp-block-image size-full\"><img loading=\"lazy\" decoding=\"async\" width=\"582\" height=\"826\" data-id=\"768\" src=\"https:\/\/asso-cultures.org\/site\/wp-content\/uploads\/2023\/08\/BALAZUCADES-2023R.jpg\" alt=\"\" class=\"wp-image-768\" srcset=\"https:\/\/asso-cultures.org\/site\/wp-content\/uploads\/2023\/08\/BALAZUCADES-2023R.jpg 582w, https:\/\/asso-cultures.org\/site\/wp-content\/uploads\/2023\/08\/BALAZUCADES-2023R-211x300.jpg 211w\" sizes=\"auto, (max-width: 582px) 100vw, 582px\" \/><\/figure>\n\n\n\n<figure class=\"wp-block-image size-large\"><img loading=\"lazy\" decoding=\"async\" width=\"724\" height=\"1024\" data-id=\"633\" src=\"https:\/\/asso-cultures.org\/site\/wp-content\/uploads\/2023\/04\/flyer-recto-aplati-1-724x1024.jpg\" alt=\"\" class=\"wp-image-633\" srcset=\"https:\/\/asso-cultures.org\/site\/wp-content\/uploads\/2023\/04\/flyer-recto-aplati-1-724x1024.jpg 724w, https:\/\/asso-cultures.org\/site\/wp-content\/uploads\/2023\/04\/flyer-recto-aplati-1-212x300.jpg 212w, https:\/\/asso-cultures.org\/site\/wp-content\/uploads\/2023\/04\/flyer-recto-aplati-1-768x1086.jpg 768w, https:\/\/asso-cultures.org\/site\/wp-content\/uploads\/2023\/04\/flyer-recto-aplati-1-1086x1536.jpg 1086w, https:\/\/asso-cultures.org\/site\/wp-content\/uploads\/2023\/04\/flyer-recto-aplati-1-1448x2048.jpg 1448w, https:\/\/asso-cultures.org\/site\/wp-content\/uploads\/2023\/04\/flyer-recto-aplati-1-scaled.jpg 1810w\" sizes=\"auto, (max-width: 724px) 100vw, 724px\" \/><\/figure>\n<\/figure>\n\n\n\n<p>Cultures&nbsp;! c\u2019est aussi la rencontre dans un lieu anim\u00e9 par l\u2019exp\u00e9rimentation et les dynamiques collectives, d\u2019une plasticienne et d\u2019une danseuse partageant l\u2019\u00e9lan et l\u2019envie commune d\u2019explorer les liens entre art vivant et art plastique tout en interrogeant le geste de cr\u00e9er.<\/p>\n<\/div><\/div>\n\n\n\n<p>Au fil du temps la dimension p\u00e9dagogique prend de la place et fin 2024, les deux porteuses du projet d\u00e9cident de quitter le Viel Audon pour aller explorer de nouveaux territoires et centrer leurs \u00e9nergies sur l\u2019animation et la formation en continuant \u00e0 travailler avec d\u2019autres (associations, centres sociaux, centre de loisirs, artistes, centre de formation, etc) qui souhaitent comme elles explorer les dimensions artistiques, cr\u00e9atives et sensibles pour interroger les mani\u00e8res de faire soci\u00e9t\u00e9 ensemble.<\/p>\n<\/div>\n<\/div>\n<\/div><\/div>\n<\/div><\/div>\n<\/div>\n<\/div>\n<\/div><\/div>\n<\/div>\n<\/div>\n<\/div><\/div>\n\n\n\n<p><\/p>\n","protected":false},"excerpt":{"rendered":"<p>Il \u00e9tait une fois Cultures!&#8230; N\u00e9e en 2013 sous la forme d\u2019un collectif informel souhaitant d\u00e9velopper la dimension artistique dans le hameau du Viel Audon (lieu de travail collectif agricole, d\u2019animation et de chantier) sur la commune de Balazuc , l\u2019association Cultures&nbsp;! d\u00e9veloppe pendant 10 ans des activit\u00e9s et des espaces d\u2019exp\u00e9rimentation articulant culture, cr\u00e9ation &hellip; <\/p>\n<p class=\"link-more\"><a href=\"https:\/\/asso-cultures.org\/site\/\" class=\"more-link\">Continuer la lecture<span class=\"screen-reader-text\"> de &laquo;&nbsp;L&rsquo;association&nbsp;&raquo;<\/span><\/a><\/p>\n","protected":false},"author":2,"featured_media":0,"parent":0,"menu_order":0,"comment_status":"closed","ping_status":"closed","template":"","meta":{"footnotes":""},"class_list":["post-71","page","type-page","status-publish","hentry"],"_links":{"self":[{"href":"https:\/\/asso-cultures.org\/site\/index.php?rest_route=\/wp\/v2\/pages\/71","targetHints":{"allow":["GET"]}}],"collection":[{"href":"https:\/\/asso-cultures.org\/site\/index.php?rest_route=\/wp\/v2\/pages"}],"about":[{"href":"https:\/\/asso-cultures.org\/site\/index.php?rest_route=\/wp\/v2\/types\/page"}],"author":[{"embeddable":true,"href":"https:\/\/asso-cultures.org\/site\/index.php?rest_route=\/wp\/v2\/users\/2"}],"replies":[{"embeddable":true,"href":"https:\/\/asso-cultures.org\/site\/index.php?rest_route=%2Fwp%2Fv2%2Fcomments&post=71"}],"version-history":[{"count":35,"href":"https:\/\/asso-cultures.org\/site\/index.php?rest_route=\/wp\/v2\/pages\/71\/revisions"}],"predecessor-version":[{"id":1064,"href":"https:\/\/asso-cultures.org\/site\/index.php?rest_route=\/wp\/v2\/pages\/71\/revisions\/1064"}],"wp:attachment":[{"href":"https:\/\/asso-cultures.org\/site\/index.php?rest_route=%2Fwp%2Fv2%2Fmedia&parent=71"}],"curies":[{"name":"wp","href":"https:\/\/api.w.org\/{rel}","templated":true}]}}