{"id":385,"date":"2022-04-20T18:06:48","date_gmt":"2022-04-20T16:06:48","guid":{"rendered":"https:\/\/asso-cultures.org\/site\/?page_id=385"},"modified":"2026-01-13T09:56:06","modified_gmt":"2026-01-13T08:56:06","slug":"accueil-en-residence","status":"publish","type":"page","link":"https:\/\/asso-cultures.org\/site\/?page_id=385","title":{"rendered":"Atelier Corps, Mati\u00e8re &amp; \u00c9ducation populaire"},"content":{"rendered":"\n<p>Cultures&nbsp;! croisent deux pratiques, celle du mouvement et celle des arts plastiques, pour construire ses ateliers. Ces deux entr\u00e9es sont compl\u00e9mentaires et permettent entre autres de&nbsp;:<\/p>\n\n\n\n<p>&#8211; Mettre en jeu le corps dans le groupe pour aller questionner son rapport \u00e0 soi, \u00e0 l&rsquo;autre (jeu de d\u00e9placement, de regard, de pr\u00e9sence, etc) \/ pouvoir d\u00e9couvrir\/utiliser son corps comme moyen d&rsquo;expression et de communication\/ comment son corps devient une mati\u00e8re que l\u2019on peut fa\u00e7onner et travailler.<\/p>\n\n\n\n<p>&#8211; Manipuler diff\u00e9rentes mati\u00e8res et les assembler pour d\u00e9velopper sa cr\u00e9ativit\u00e9. Chercher les \u00e9quilibres de couleurs, de textures, jouer, oser&#8230; et d\u00e9couvrir son univers esth\u00e9tique. Prendre confiance en soi et aiguiser son regard.<\/p>\n\n\n\n<p>Elle s\u2019associe souvent \u00e0 d\u2019autres associations et donc d\u2019autres pratiques pour enrichir les propositions et creuser un sujet. Aujourd\u2019hui ces principaux partenaires sont la<a href=\"https:\/\/polinno.art\/index.php\/micro-folie-polinno\"> Micro Folie du Polinno<\/a> (Joyeuse) et l\u2019association <a href=\"https:\/\/assolafougue.fr\">la Fougue<\/a> (Aubenas).<\/p>\n\n\n\n<p><\/p>\n\n\n\n<figure class=\"wp-block-gallery has-nested-images columns-default is-cropped wp-block-gallery-1 is-layout-flex wp-block-gallery-is-layout-flex\">\n<figure class=\"wp-block-image size-large\"><img loading=\"lazy\" decoding=\"async\" width=\"1024\" height=\"681\" data-id=\"1008\" src=\"https:\/\/asso-cultures.org\/site\/wp-content\/uploads\/2025\/12\/DSC_0231-1024x681.jpg\" alt=\"\" class=\"wp-image-1008\" srcset=\"https:\/\/asso-cultures.org\/site\/wp-content\/uploads\/2025\/12\/DSC_0231-1024x681.jpg 1024w, https:\/\/asso-cultures.org\/site\/wp-content\/uploads\/2025\/12\/DSC_0231-300x199.jpg 300w, https:\/\/asso-cultures.org\/site\/wp-content\/uploads\/2025\/12\/DSC_0231-768x511.jpg 768w, https:\/\/asso-cultures.org\/site\/wp-content\/uploads\/2025\/12\/DSC_0231-1536x1021.jpg 1536w, https:\/\/asso-cultures.org\/site\/wp-content\/uploads\/2025\/12\/DSC_0231-2048x1362.jpg 2048w\" sizes=\"auto, (max-width: 767px) 89vw, (max-width: 1000px) 54vw, (max-width: 1071px) 543px, 580px\" \/><\/figure>\n\n\n\n<figure class=\"wp-block-image size-large\"><img loading=\"lazy\" decoding=\"async\" width=\"681\" height=\"1024\" data-id=\"1007\" src=\"https:\/\/asso-cultures.org\/site\/wp-content\/uploads\/2025\/12\/DSC_0477-681x1024.jpg\" alt=\"\" class=\"wp-image-1007\" srcset=\"https:\/\/asso-cultures.org\/site\/wp-content\/uploads\/2025\/12\/DSC_0477-681x1024.jpg 681w, https:\/\/asso-cultures.org\/site\/wp-content\/uploads\/2025\/12\/DSC_0477-199x300.jpg 199w, https:\/\/asso-cultures.org\/site\/wp-content\/uploads\/2025\/12\/DSC_0477-768x1155.jpg 768w, https:\/\/asso-cultures.org\/site\/wp-content\/uploads\/2025\/12\/DSC_0477-1021x1536.jpg 1021w, https:\/\/asso-cultures.org\/site\/wp-content\/uploads\/2025\/12\/DSC_0477-1362x2048.jpg 1362w, https:\/\/asso-cultures.org\/site\/wp-content\/uploads\/2025\/12\/DSC_0477-scaled.jpg 1702w\" sizes=\"auto, (max-width: 681px) 100vw, 681px\" \/><\/figure>\n\n\n\n<figure class=\"wp-block-image size-large\"><img loading=\"lazy\" decoding=\"async\" width=\"1024\" height=\"681\" data-id=\"1015\" src=\"https:\/\/asso-cultures.org\/site\/wp-content\/uploads\/2025\/12\/DSC_0292-1024x681.jpg\" alt=\"\" class=\"wp-image-1015\" srcset=\"https:\/\/asso-cultures.org\/site\/wp-content\/uploads\/2025\/12\/DSC_0292-1024x681.jpg 1024w, https:\/\/asso-cultures.org\/site\/wp-content\/uploads\/2025\/12\/DSC_0292-300x199.jpg 300w, https:\/\/asso-cultures.org\/site\/wp-content\/uploads\/2025\/12\/DSC_0292-768x511.jpg 768w, https:\/\/asso-cultures.org\/site\/wp-content\/uploads\/2025\/12\/DSC_0292-1536x1021.jpg 1536w, https:\/\/asso-cultures.org\/site\/wp-content\/uploads\/2025\/12\/DSC_0292-2048x1362.jpg 2048w\" sizes=\"auto, (max-width: 767px) 89vw, (max-width: 1000px) 54vw, (max-width: 1071px) 543px, 580px\" \/><\/figure>\n<\/figure>\n\n\n\n<p>Voici quelques exemples d\u2019interventions men\u00e9es:<\/p>\n\n\n\n<p>&#8211; <em>Corps et paysage<\/em>, Classe BTS GPN (MFR Mondy, Bourg de P\u00e9age) 2023, 2024<\/p>\n\n\n\n<p>&#8211; <em>L\u2019arbre<\/em>,  \u00c9cole \u00e9l\u00e9mentaire du Loup, Chaussan . 2023<\/p>\n\n\n\n<p>&#8211; Lyc\u00e9e Xavier Mallet, Le Teil, 2023<\/p>\n\n\n\n<p>&#8211; \u00ab&nbsp;La trace&nbsp;: Femmes et m\u00e9moire&nbsp;\u00bb avec l\u2019EHPAD de Ruoms et Vallon Pont D\u2019arc en partenariat avec la Fougue (projet EAC Communaut\u00e9 de Communes des Gorges de l\u2019Ard\u00e8che, 2023)<\/p>\n\n\n\n<p>&#8211; \u00ab&nbsp;En corps et encore&nbsp;\u00bb, ( travail sur le corps collectif, le corps individuel et les dynamiques collectives de groupe) formation pour adulte, compagnonnage <a href=\"https:\/\/www.compagnonnage-repas.org\">REPAS<\/a> (2017, 2023)<\/p>\n\n\n\n<p>&#8211; S\u00e9jour \u00ab&nbsp;Construire une identit\u00e9&nbsp;\u00bb (cr\u00e9ation d\u2019un d\u00e9fil\u00e9), service jeunesse de Vallon Pont d\u2019Arc en partenariat avec la MicroFolie ( projet EAC Communaut\u00e9 de Communes des Gorges de l\u2019Ard\u00e8che, 2025)<\/p>\n\n\n\n<p>&#8211; S\u00e9jour \u00c9rasmus + \u00ab&nbsp;Oser prendre la place dans l\u2019espace public&nbsp;: formation\/action europ\u00e9enne pour une \u00e9ducation populaire anti-sexiste&nbsp;\u00bb, (cr\u00e9ation d\u2019une performance sur l\u2019espace public) en partenariat avec la Fougue (2025)<\/p>\n","protected":false},"excerpt":{"rendered":"<p>Cultures&nbsp;! croisent deux pratiques, celle du mouvement et celle des arts plastiques, pour construire ses ateliers. Ces deux entr\u00e9es sont compl\u00e9mentaires et permettent entre autres de&nbsp;: &#8211; Mettre en jeu le corps dans le groupe pour aller questionner son rapport \u00e0 soi, \u00e0 l&rsquo;autre (jeu de d\u00e9placement, de regard, de pr\u00e9sence, etc) \/ pouvoir d\u00e9couvrir\/utiliser &hellip; <\/p>\n<p class=\"link-more\"><a href=\"https:\/\/asso-cultures.org\/site\/?page_id=385\" class=\"more-link\">Continuer la lecture<span class=\"screen-reader-text\"> de &laquo;&nbsp;Atelier Corps, Mati\u00e8re &amp; \u00c9ducation populaire&nbsp;&raquo;<\/span><\/a><\/p>\n","protected":false},"author":2,"featured_media":0,"parent":0,"menu_order":0,"comment_status":"closed","ping_status":"closed","template":"","meta":{"footnotes":""},"class_list":["post-385","page","type-page","status-publish","hentry"],"_links":{"self":[{"href":"https:\/\/asso-cultures.org\/site\/index.php?rest_route=\/wp\/v2\/pages\/385","targetHints":{"allow":["GET"]}}],"collection":[{"href":"https:\/\/asso-cultures.org\/site\/index.php?rest_route=\/wp\/v2\/pages"}],"about":[{"href":"https:\/\/asso-cultures.org\/site\/index.php?rest_route=\/wp\/v2\/types\/page"}],"author":[{"embeddable":true,"href":"https:\/\/asso-cultures.org\/site\/index.php?rest_route=\/wp\/v2\/users\/2"}],"replies":[{"embeddable":true,"href":"https:\/\/asso-cultures.org\/site\/index.php?rest_route=%2Fwp%2Fv2%2Fcomments&post=385"}],"version-history":[{"count":10,"href":"https:\/\/asso-cultures.org\/site\/index.php?rest_route=\/wp\/v2\/pages\/385\/revisions"}],"predecessor-version":[{"id":1035,"href":"https:\/\/asso-cultures.org\/site\/index.php?rest_route=\/wp\/v2\/pages\/385\/revisions\/1035"}],"wp:attachment":[{"href":"https:\/\/asso-cultures.org\/site\/index.php?rest_route=%2Fwp%2Fv2%2Fmedia&parent=385"}],"curies":[{"name":"wp","href":"https:\/\/api.w.org\/{rel}","templated":true}]}}