{"id":1054,"date":"2026-01-13T10:20:09","date_gmt":"2026-01-13T09:20:09","guid":{"rendered":"https:\/\/asso-cultures.org\/site\/?page_id=1054"},"modified":"2026-01-13T10:24:28","modified_gmt":"2026-01-13T09:24:28","slug":"nos-valeurs","status":"publish","type":"page","link":"https:\/\/asso-cultures.org\/site\/?page_id=1054","title":{"rendered":"Nos valeurs"},"content":{"rendered":"\n<h2 class=\"wp-block-heading\"><\/h2>\n\n\n\n<p>Cultures&nbsp;! fonctionne et construit ses interventions et actions en r\u00e9fl\u00e9chissant \u00e0 partir des fondamentaux de l\u2019\u00e9ducation populaire qu\u2019elle d\u00e9cline ainsi&nbsp;:<\/p>\n\n\n\n<p><strong>&#8211; Agir et faire collectivement <\/strong>en d\u00e9veloppant coop\u00e9ration et solidarit\u00e9<\/p>\n\n\n\n<p>&#8211; Utiliser la cr\u00e9ativit\u00e9, l\u2019expression, la cr\u00e9ation de projets pour <strong>soutenir l\u2019\u00e9mancipation et l\u2019autonomisation<\/strong> <strong>des individus dans une dynamique collective et participative<\/strong><\/p>\n\n\n\n<p><strong>&#8211; <\/strong>Apprendre en faisant, <strong>exp\u00e9rimentant<\/strong> et osant<\/p>\n\n\n\n<p>&#8211; Proposer de <strong>transformer le regard sur son environnement et les liens qu\u2019on tisse avec, <\/strong>en exp\u00e9rimentant avec la cr\u00e9ativit\u00e9 et la dimension sensible<br><br><figure class=\"wp-block-image size-large\"><img loading=\"lazy\" decoding=\"async\" width=\"1024\" height=\"461\" class=\"wp-image-263\" src=\"https:\/\/asso-cultures.org\/site\/wp-content\/uploads\/2022\/03\/IMG_20211027_131324-1024x461.jpg\" alt=\"\" srcset=\"https:\/\/asso-cultures.org\/site\/wp-content\/uploads\/2022\/03\/IMG_20211027_131324-1024x461.jpg 1024w, https:\/\/asso-cultures.org\/site\/wp-content\/uploads\/2022\/03\/IMG_20211027_131324-300x135.jpg 300w, https:\/\/asso-cultures.org\/site\/wp-content\/uploads\/2022\/03\/IMG_20211027_131324-768x346.jpg 768w, https:\/\/asso-cultures.org\/site\/wp-content\/uploads\/2022\/03\/IMG_20211027_131324-1536x691.jpg 1536w, https:\/\/asso-cultures.org\/site\/wp-content\/uploads\/2022\/03\/IMG_20211027_131324-2048x922.jpg 2048w, https:\/\/asso-cultures.org\/site\/wp-content\/uploads\/2022\/03\/IMG_20211027_131324-1568x706.jpg 1568w\" sizes=\"auto, (max-width: 767px) 89vw, (max-width: 1000px) 54vw, (max-width: 1071px) 543px, 580px\" \/><\/figure><\/p>\n","protected":false},"excerpt":{"rendered":"<p>Cultures&nbsp;! fonctionne et construit ses interventions et actions en r\u00e9fl\u00e9chissant \u00e0 partir des fondamentaux de l\u2019\u00e9ducation populaire qu\u2019elle d\u00e9cline ainsi&nbsp;: &#8211; Agir et faire collectivement en d\u00e9veloppant coop\u00e9ration et solidarit\u00e9 &#8211; Utiliser la cr\u00e9ativit\u00e9, l\u2019expression, la cr\u00e9ation de projets pour soutenir l\u2019\u00e9mancipation et l\u2019autonomisation des individus dans une dynamique collective et participative &#8211; Apprendre en &hellip; <\/p>\n<p class=\"link-more\"><a href=\"https:\/\/asso-cultures.org\/site\/?page_id=1054\" class=\"more-link\">Continuer la lecture<span class=\"screen-reader-text\"> de &laquo;&nbsp;Nos valeurs&nbsp;&raquo;<\/span><\/a><\/p>\n","protected":false},"author":2,"featured_media":0,"parent":0,"menu_order":0,"comment_status":"closed","ping_status":"closed","template":"","meta":{"footnotes":""},"class_list":["post-1054","page","type-page","status-publish","hentry"],"_links":{"self":[{"href":"https:\/\/asso-cultures.org\/site\/index.php?rest_route=\/wp\/v2\/pages\/1054","targetHints":{"allow":["GET"]}}],"collection":[{"href":"https:\/\/asso-cultures.org\/site\/index.php?rest_route=\/wp\/v2\/pages"}],"about":[{"href":"https:\/\/asso-cultures.org\/site\/index.php?rest_route=\/wp\/v2\/types\/page"}],"author":[{"embeddable":true,"href":"https:\/\/asso-cultures.org\/site\/index.php?rest_route=\/wp\/v2\/users\/2"}],"replies":[{"embeddable":true,"href":"https:\/\/asso-cultures.org\/site\/index.php?rest_route=%2Fwp%2Fv2%2Fcomments&post=1054"}],"version-history":[{"count":3,"href":"https:\/\/asso-cultures.org\/site\/index.php?rest_route=\/wp\/v2\/pages\/1054\/revisions"}],"predecessor-version":[{"id":1063,"href":"https:\/\/asso-cultures.org\/site\/index.php?rest_route=\/wp\/v2\/pages\/1054\/revisions\/1063"}],"wp:attachment":[{"href":"https:\/\/asso-cultures.org\/site\/index.php?rest_route=%2Fwp%2Fv2%2Fmedia&parent=1054"}],"curies":[{"name":"wp","href":"https:\/\/api.w.org\/{rel}","templated":true}]}}