{"id":1053,"date":"2026-01-13T10:20:09","date_gmt":"2026-01-13T09:20:09","guid":{"rendered":"https:\/\/asso-cultures.org\/site\/?page_id=1053"},"modified":"2026-01-13T10:21:14","modified_gmt":"2026-01-13T09:21:14","slug":"equipe","status":"publish","type":"page","link":"https:\/\/asso-cultures.org\/site\/?page_id=1053","title":{"rendered":"L&rsquo;\u00e9quipe"},"content":{"rendered":"\n<h2 class=\"wp-block-heading\"><\/h2>\n\n\n\n<p>Depuis 2013, beaucoup de personnes ont particip\u00e9 \u00e0 cr\u00e9er et d\u00e9velopper des activit\u00e9s dans l\u2019association. Aujourd\u2019hui, ce sont les deux artistes \u00e0 l\u2019origine du projet,<a href=\"https:\/\/azdineduv.wixsite.com\/dessins\"><em><strong>Adine Duval<\/strong><\/em><\/a> et<em><strong> Claire Deboffe<\/strong><\/em>, qui portent les activit\u00e9s et tissent ensemble, depuis leurs pratiques singuli\u00e8res, des interventions.<\/p>\n\n\n\n<p><em><strong>Claire<\/strong><\/em> danse depuis qu\u2019elle est en CM1. Elle dit souvent que s\u2019il n\u2019y avait pas eu cette d\u00e9couverte, elle aurait s\u00fbrement mal tourn\u00e9e. Elle se forme en danse contemporaine dans des \u00e9coles et en autodidacte. Elle obtient un Dipl\u00f4me d\u2019\u00c9tat de professeure de danse en 2015. Elle est interpr\u00e8te (Cie Instabili) et cr\u00e9e aussi seule (<em>Le d\u00e9sordre de la tranquillit\u00e9<\/em>, 2017) et avec d\u2019autres (<em>Ch\u00e8res monstres<\/em>,\/ laboratoire 2021-2024, <em>Filles de Lectures<\/em>, cr\u00e9ation en cours). Elle se forme au fil du temps et des rencontres en composition instantan\u00e9e, contact impro et BMC\u00ae (Body Mind Centering). Elle s\u2019int\u00e9resse au corps et \u00e0 ses diff\u00e9rentes dimensions et mati\u00e8res po\u00e9tiques, sociales, sensibles, anatomiques, etc&nbsp;; \u00e0 comment elle s\u2019articulent ou non entre elles.<\/p>\n\n\n\n<p>De 2021 \u00e0 2025, elle m\u00e8ne un travail de recherche action (corps social et corps somatique dans les pratiques d\u2019accompagnement) avec le r\u00e9seau des <a href=\"https:\/\/reseaucrefad.org\/recherche-action\">Crefad<\/a>. Ce travail lui permet de d\u00e9couvrir la danse singuli\u00e8re et les dispositifs Ka\u00efros (avec<a href=\"https:\/\/limprobable.xyz\"> l\u2019Improbable<\/a>) qui lui ouvrent la porte du \u00ab&nbsp;penser en corps, en acte et en mots&nbsp;\u00bb qu\u2019elle mobilise depuis dans son travail et ses ateliers.<\/p>\n\n\n\n<p>Enfin, sa recherche sur la mani\u00e8re dont les corps s\u2019engagent dans le monde et les propositions anim\u00e9es qui en d\u00e9coulent sont aussi nourrie par la pens\u00e9e f\u00e9ministe queer et intersectionnelle.<\/p>\n\n\n\n<p>Depuis dix ans, elle \u00e9quilibre son temps entre activit\u00e9 agricole (paysanne boulang\u00e8re aujourd\u2019hui) et activit\u00e9s artistiques et culturelles.<\/p>\n\n\n\n<p><strong><em>Adine <\/em><\/strong>commence le dessin avec son grand p\u00e8re. P\u00e9dagogue et passionn\u00e9, celui ci l\u2019accompagne dans l\u2019exp\u00e9rimentation cr\u00e9ative: de la trace au volume en passant par la musique, elle y d\u00e9couvre les couleurs, les mati\u00e8res, les formes, les expositions\u2026 Apr\u00e8s plusieurs ann\u00e9es pass\u00e9es dans les \u00e9coles d\u2019art, Adine d\u00e9croche son BA Art Visuel \u00e0 Londres en 2003 autour de la th\u00e9matique de la trace, des relations humaines et du son\u2026<\/p>\n\n\n\n<p>En parall\u00e8le \u00e0 ses \u00e9tudes, elle commence des interventions scolaires autour des arts plastiques. C\u2019est le d\u00e9but d\u2019une longue histoire autour de la p\u00e9dagogie et des arts; elle alterne depuis lors des animations scolaires et extra scolaires, du tout petit \u00e0 l\u2019adulte retrait\u00e9.<\/p>\n\n\n\n<p>Depuis 2018, pour enrichir sa relation au volume et au sensible, elle s\u2019est form\u00e9e \u00e0 la c\u00e9ramique qu\u2019elle pratique dans son atelier \u00e0 Balazuc.<\/p>\n","protected":false},"excerpt":{"rendered":"<p>Depuis 2013, beaucoup de personnes ont particip\u00e9 \u00e0 cr\u00e9er et d\u00e9velopper des activit\u00e9s dans l\u2019association. Aujourd\u2019hui, ce sont les deux artistes \u00e0 l\u2019origine du projet,Adine Duval et Claire Deboffe, qui portent les activit\u00e9s et tissent ensemble, depuis leurs pratiques singuli\u00e8res, des interventions. Claire danse depuis qu\u2019elle est en CM1. Elle dit souvent que s\u2019il n\u2019y &hellip; <\/p>\n<p class=\"link-more\"><a href=\"https:\/\/asso-cultures.org\/site\/?page_id=1053\" class=\"more-link\">Continuer la lecture<span class=\"screen-reader-text\"> de &laquo;&nbsp;L&rsquo;\u00e9quipe&nbsp;&raquo;<\/span><\/a><\/p>\n","protected":false},"author":2,"featured_media":0,"parent":0,"menu_order":0,"comment_status":"closed","ping_status":"closed","template":"","meta":{"footnotes":""},"class_list":["post-1053","page","type-page","status-publish","hentry"],"_links":{"self":[{"href":"https:\/\/asso-cultures.org\/site\/index.php?rest_route=\/wp\/v2\/pages\/1053","targetHints":{"allow":["GET"]}}],"collection":[{"href":"https:\/\/asso-cultures.org\/site\/index.php?rest_route=\/wp\/v2\/pages"}],"about":[{"href":"https:\/\/asso-cultures.org\/site\/index.php?rest_route=\/wp\/v2\/types\/page"}],"author":[{"embeddable":true,"href":"https:\/\/asso-cultures.org\/site\/index.php?rest_route=\/wp\/v2\/users\/2"}],"replies":[{"embeddable":true,"href":"https:\/\/asso-cultures.org\/site\/index.php?rest_route=%2Fwp%2Fv2%2Fcomments&post=1053"}],"version-history":[{"count":2,"href":"https:\/\/asso-cultures.org\/site\/index.php?rest_route=\/wp\/v2\/pages\/1053\/revisions"}],"predecessor-version":[{"id":1060,"href":"https:\/\/asso-cultures.org\/site\/index.php?rest_route=\/wp\/v2\/pages\/1053\/revisions\/1060"}],"wp:attachment":[{"href":"https:\/\/asso-cultures.org\/site\/index.php?rest_route=%2Fwp%2Fv2%2Fmedia&parent=1053"}],"curies":[{"name":"wp","href":"https:\/\/api.w.org\/{rel}","templated":true}]}}